{"id":3,"date":"2025-04-16T01:55:52","date_gmt":"2025-04-15T23:55:52","guid":{"rendered":"https:\/\/www.vivirenperu.com\/?page_id=3"},"modified":"2025-04-17T23:18:54","modified_gmt":"2025-04-17T21:18:54","slug":"politica-privacidad","status":"publish","type":"page","link":"https:\/\/www.vivirenperu.com\/?page_id=3","title":{"rendered":"Pol\u00edtica de privacidad"},"content":{"rendered":"\t\t<div data-elementor-type=\"wp-page\" data-elementor-id=\"3\" class=\"elementor elementor-3\" data-elementor-post-type=\"page\">\n\t\t\t\t<div class=\"elementor-element elementor-element-7c5d5bf1 e-flex e-con-boxed e-con e-parent\" data-id=\"7c5d5bf1\" data-element_type=\"container\" data-e-type=\"container\">\n\t\t\t\t\t<div class=\"e-con-inner\">\n\t\t\t\t<div class=\"elementor-element elementor-element-132abd3f elementor-widget elementor-widget-text-editor\" data-id=\"132abd3f\" data-element_type=\"widget\" data-e-type=\"widget\" data-widget_type=\"text-editor.default\">\n\t\t\t\t<div class=\"elementor-widget-container\">\n\t\t\t\t\t\t\t\t\t\n<p>\u00daltima actualizaci\u00f3n: 17\/04\/2025<\/p>\n<h1 class=\"wp-block-heading\">\u00bfQui\u00e9nes somos?<\/h1>\n<p>Somos VivirEnPeru.com, una plataforma inmobiliaria donde los propietarios pueden publicar sus inmuebles para venta o alquiler de manera directa. Puedes contactarnos a trav\u00e9s de nuestro sitio web oficial: https:\/\/www.vivirenperu.com.<\/p>\n<h1>Comentarios<\/h1>\n<p>Cuando los visitantes dejan comentarios en la web, recopilamos los datos que se muestran en el formulario, as\u00ed como la direcci\u00f3n IP y la cadena del navegador para ayudar a detectar spam. Tambi\u00e9n podemos usar el servicio Gravatar para mostrar tu imagen de perfil. Puedes consultar su pol\u00edtica aqu\u00ed: https:\/\/automattic.com\/privacy\/.<\/p>\n<h1>Medios<\/h1>\n<p>Si subes im\u00e1genes a nuestro sitio, te recomendamos eliminar los datos de ubicaci\u00f3n (EXIF GPS), ya que otros usuarios podr\u00edan descargarlos y acceder a esa informaci\u00f3n.<\/p>\n<h1>Cookies<\/h1>\n<p>Utilizamos cookies para mejorar tu experiencia de usuario. Si dejas un comentario en nuestro sitio, puedes guardar tu nombre, correo electr\u00f3nico y web en cookies para futuras visitas. Tambi\u00e9n usamos cookies para recordar tus preferencias de acceso y visualizaci\u00f3n. Puedes eliminarlas en cualquier momento desde tu navegador.<\/p>\n<h1>Contenido incrustado de terceros<\/h1>\n<p>Algunos art\u00edculos o publicaciones pueden incluir contenido incrustado de otros sitios (como videos o mapas). Este contenido se comporta como si visitaras directamente esos sitios externos, los cuales podr\u00edan recopilar datos sobre ti, utilizar cookies o registrar tu actividad.<\/p>\n<h1>\u00bfCon qui\u00e9n compartimos tus datos?<\/h1>\n<p>Tu informaci\u00f3n no se comparte con terceros, salvo cuando sea necesario para funcionalidades espec\u00edficas (por ejemplo, recuperaci\u00f3n de contrase\u00f1a, an\u00e1lisis anti-spam o cumplimiento de obligaciones legales).<\/p>\n<h1>\u00bfCu\u00e1nto tiempo conservamos tus datos?<\/h1>\n<p>Si dejas un comentario, este y sus metadatos se conservan indefinidamente. Si te registras como usuario, tu informaci\u00f3n personal permanecer\u00e1 guardada mientras mantengas la cuenta activa. Puedes modificarla o eliminarla en cualquier momento.<\/p>\n<h1>Tus derechos sobre tus datos<\/h1>\n<p>Tienes derecho a solicitar una copia de los datos personales que tenemos sobre ti, as\u00ed como a solicitar su eliminaci\u00f3n. No obstante, esto no incluye datos que debamos conservar por motivos administrativos, legales o de seguridad.<\/p>\n<h1>\u00bfD\u00f3nde se env\u00edan tus datos?<\/h1>\n<p>Los comentarios pueden ser revisados por un sistema autom\u00e1tico de detecci\u00f3n de spam para garantizar la seguridad de nuestra comunidad.<\/p>\n<h1>Contacto<\/h1>\n<p>Si tienes preguntas sobre nuestra pol\u00edtica de privacidad, puedes comunicarte con nosotros desde nuestra secci\u00f3n de Contacto en https:\/\/www.vivirenperu.com.<\/p>\t\t\t\t\t\t\t\t<\/div>\n\t\t\t\t<\/div>\n\t\t\t\t\t<\/div>\n\t\t\t\t<\/div>\n\t\t\t\t<\/div>\n\t\t","protected":false},"excerpt":{"rendered":"<p>\u00daltima actualizaci\u00f3n: 17\/04\/2025 \u00bfQui\u00e9nes somos? Somos VivirEnPeru.com, una plataforma inmobiliaria donde los propietarios pueden publicar sus inmuebles para venta o alquiler de manera directa. Puedes contactarnos a trav\u00e9s de nuestro sitio web oficial: https:\/\/www.vivirenperu.com. Comentarios Cuando los visitantes dejan comentarios en la web, recopilamos los datos que se muestran en el formulario, as\u00ed como la [&hellip;]<\/p>\n","protected":false},"author":1,"featured_media":0,"parent":0,"menu_order":0,"comment_status":"closed","ping_status":"open","template":"","meta":{"content-type":"","_monsterinsights_skip_tracking":false,"_monsterinsights_sitenote_active":false,"_monsterinsights_sitenote_note":"","_monsterinsights_sitenote_category":0,"footnotes":""},"class_list":["post-3","page","type-page","status-publish","hentry"],"aioseo_notices":[],"_links":{"self":[{"href":"https:\/\/www.vivirenperu.com\/index.php?rest_route=\/wp\/v2\/pages\/3","targetHints":{"allow":["GET"]}}],"collection":[{"href":"https:\/\/www.vivirenperu.com\/index.php?rest_route=\/wp\/v2\/pages"}],"about":[{"href":"https:\/\/www.vivirenperu.com\/index.php?rest_route=\/wp\/v2\/types\/page"}],"author":[{"embeddable":true,"href":"https:\/\/www.vivirenperu.com\/index.php?rest_route=\/wp\/v2\/users\/1"}],"replies":[{"embeddable":true,"href":"https:\/\/www.vivirenperu.com\/index.php?rest_route=%2Fwp%2Fv2%2Fcomments&post=3"}],"version-history":[{"count":3,"href":"https:\/\/www.vivirenperu.com\/index.php?rest_route=\/wp\/v2\/pages\/3\/revisions"}],"predecessor-version":[{"id":17452,"href":"https:\/\/www.vivirenperu.com\/index.php?rest_route=\/wp\/v2\/pages\/3\/revisions\/17452"}],"wp:attachment":[{"href":"https:\/\/www.vivirenperu.com\/index.php?rest_route=%2Fwp%2Fv2%2Fmedia&parent=3"}],"curies":[{"name":"wp","href":"https:\/\/api.w.org\/{rel}","templated":true}]}}